{"id":13,"date":"2023-10-17T10:49:47","date_gmt":"2023-10-17T08:49:47","guid":{"rendered":"https:\/\/www.camping-adour-bagneres-de-bigorre.fr\/?page_id=13"},"modified":"2023-11-20T14:23:37","modified_gmt":"2023-11-20T13:23:37","slug":"mentions-legales","status":"publish","type":"page","link":"https:\/\/www.camping-adour-bagneres-de-bigorre.fr\/en\/mentions-legales\/","title":{"rendered":"Mentions l\u00e9gales"},"content":{"rendered":"<div class=\"bloc_mentions\">\n<div class=\"bloc_bordures\">\nLe site camping-adour-bagneres-de-bigorre.fr est \u00e9dit\u00e9 par :<\/p>\n<h2>Camping de L&#8217;Adour<\/h2>\n<p>10 chemin Henri IV,<br \/>\n65200 GERDE<\/p>\n<p>Siret : 791 723 786 <\/p>\n<p>Cr\u00e9ation de site et r\u00e9f\u00e9rencement<\/p>\n<h2>Groupe Gedone<\/h2>\n<p>80 Boulevard Charles de Gaulles, 64140 LONS<br \/>\nSiret : 448 462 200<br \/>\nTel : 05 59 33 71 46<br \/>\n<a href=\"http:\/\/creationsiteinternetpau.com\/\">Groupe Gedone<\/a><\/p>\n<h2>Credits photos<\/h2>\n<p>Adobe stock\n<\/p><\/div>\n<\/div>\n<div class=\"bloc_infos\">\n<h2>Hebergement<\/h2>\n<p>OVH -140, quai du Sartel &#8211; 59100 ROUBAIX<br \/>\nDroits d\u00b4auteur &#8211; copyright \u00a9 &#8211; droit des marques- liens<br \/>\nLa reproduction ou la repr\u00e9sentation en tout ou partie des \u00e9l\u00e9ments se trouvant sur le site est strictement interdite.<\/p>\n<h2>Droits d\u00b4auteur<\/h2>\n<p>Les droits de reproduction et de repr\u00e9sentation de l\u00b4ensemble des oeuvres repr\u00e9sent\u00e9es sur le site sont strictement r\u00e9serv\u00e9s.<br \/>\nEn cons\u00e9quence, la reproduction et la repr\u00e9sentation de tout ou partie de ce site, sur quelque support que ce soit, est formellement interdite sauf autorisation \u00e9crite expresse du responsable de la publication. Les documents ne peuvent faire l\u00b4objet de copies qu\u00b4\u00e0 titre d\u00b4information, la copie \u00e9tant r\u00e9serv\u00e9e au seul usage priv\u00e9.<\/p>\n<h2>Droit des marques<\/h2>\n<p>Les d\u00e9nominations sociales, marques et signes distinctifs reproduits sur le site sont prot\u00e9g\u00e9s au titre du droit des marques. La reproduction ou la repr\u00e9sentation de tout ou partie d\u00b4un des signes pr\u00e9cit\u00e9s est strictement interdite et doit faire l\u00b4objet d\u00b4une autorisation \u00e9crite pr\u00e9alable du titulaire de la marque.<\/p>\n<h2>La creation des liens vers le site<\/h2>\n<p>Le site autorise la mise en place d\u00b4un lien hypertexte pointant vers son contenu, sous r\u00e9serve de ne pas utiliser la technique du lien profond (\u00ab deep linking \u00bb), c\u00b4est-\u00e0-dire que les pages du site ne doivent pas \u00eatre imbriqu\u00e9es \u00e0 l\u00b4int\u00e9rieur des pages d\u00b4un autre site, mais accessible par l\u00b4ouverture d\u00b4une fen\u00eatre ; mentionner la source du contenu vis\u00e9.<br \/>\nCette autorisation ne s\u00b4applique pas aux sites Internet diffusant des informations \u00e0 caract\u00e8re pol\u00e9mique, pornographique, x\u00e9nophobe ou pouvant, dans une plus large mesure, porter atteinte \u00e0 la sensibilit\u00e9 du plus grand nombre ou \u00e0 l\u00b4ordre public.<\/p>\n<h2>Liberte informatiques et Donnees personnelles<\/h2>\n<p>L\u00b4utilisateur est inform\u00e9 que ses donn\u00e9es personnelles recueillies dans le cadre des formulaires de contacts, services personnalis\u00e9s ou tout autre questionnaire font l\u00b4objet d\u00b4un traitement automatis\u00e9. Les informations recueillies sont tenues strictement confidentielles et sont destin\u00e9es \u00e0 l\u00b4usage exclusif des membres et des services de l\u00b4\u00e9diteur du site.<br \/>\nCertaines informations sp\u00e9cifiques demand\u00e9es dans les formulaires en ligne sont obligatoires. A noter que si leur saisie est erron\u00e9e, les informations ne sont pas envoy\u00e9es.<br \/>\nConform\u00e9ment \u00e0 la loi \u00ab Informatique et Libert\u00e9 \u00bb du 6 janvier 1978, modifi\u00e9e par la loi du 6 ao\u00fbt 2004 (articles 38 \u00e0 43 de la loi n\u00b0 78-17 du 6 janvier 1978 relative \u00e0 l\u00b4informatique, aux fichiers et aux libert\u00e9s), vous pouvez exercer votre droit d\u00b4acc\u00e8s aux informations et le cas \u00e9ch\u00e9ant votre droit de rectification ou de retrait des informations vous concernant en nous \u00e9crivant .<\/p>\n<p>Pour toute information sur la protection des donn\u00e9es personnelles, vous pouvez consulter le site de la Commission Informatique et Libert\u00e9 <a href=\"http:\/\/www.cnil.fr\">www.cnil.fr<\/a><\/p>\n<h2>Politique d\u2019utilisation des cookies<\/h2>\n<p><b>Qu\u2019est-ce qu\u2019un cookie ?<\/b><br \/>\nUn cookie est un petit fichier texte stock\u00e9 sur votre ordinateur, mobile ou tablette lorsque vous consultez notre site.<\/p>\n<p>Vous n\u00b4avez pas besoin d\u00b4avoir cette fonction activ\u00e9e pour visiter le site, mais l\u00b4acc\u00e8s \u00e0 certains services peut requ\u00e9rir l\u00b4emploi de cookies pour fonctionner correctement (exemple : statistiques Google Analytics). Vous pouvez d\u00e9sactiver la fonction cookies de votre navigateur si vous le d\u00e9sirez.<\/p>\n<p>Pour plus d\u00b4information \u00e0 propos des cookies, vous pouvez consulter le site de la CNIL (<a href=\"http:\/\/www.cnil.fr\">www.cnil.fr<\/a>).<br \/>\nCes cookies nous fournissent des informations cod\u00e9es pour faciliter et am\u00e9liorer votre exp\u00e9rience sur notre site, permettant par exemple de vous reconnaitre lorsque vous retournez sur le site. Un cookie ne permet pas de vous identifier personnellement, il reconnait seulement l\u2019ordinateur utilis\u00e9. Les cookies permettent ainsi \u00e0 votre ordinateur d\u2019avoir acc\u00e8s \u00e0 diff\u00e9rentes fonctions du site et de b\u00e9n\u00e9ficier d\u2019une navigation la plus personnalis\u00e9e possible.<br \/>\nAucune information personnelle n\u00b4est transmise sans votre accord expr\u00e8s.<\/p>\n<p>La dur\u00e9e de conservation des donn\u00e9es relatives aux cookies est limit\u00e9e \u00e0 13 mois.<br \/>\n<b>Comment refuser les cookies ?<\/b><br \/>\nSi vous souhaitez refuser l\u00b4implantation de cookies sur votre ordinateur, il vous suffit de param\u00e9trer votre navigateur internet. Chaque navigateur a une proc\u00e9dure diff\u00e9rente, que vous pourrez retrouver ci-dessous :<\/p>\n<div class=\"col-xs-12 col-sm-12 col-md-12 col-lg-12\" style=\"padding: 25px 0;\">\n<div class=\"col-xs-2 col-sm-1 col-md-1 col-lg-1\" style=\"padding: 0 15px 15px 0;\">\n       <img decoding=\"async\" src=\"http:\/\/www.groupegedone.com\/module_cookie\/picto-google-chrome.png\" style=\"width: 100%;\"alt=\"\"\/>\n   <\/div>\n<div class=\"col-xs-10 col-sm-11 col-md-11 col-lg-11\" style=\"padding: 0;\">\n       1. S\u00e9lectionnez \u00ab Param\u00e8tres \u00bb en haut de votre fen\u00eatre de navigation puis \u00ab Afficher les param\u00e8tres avanc\u00e9s \u00bb.<br \/>\n       2. Dans la section \u00ab Confidentialit\u00e9 \u00bb, cliquez sur \u00ab Param\u00e8tres de contenu \u00bb, vous arrivez alors sur la partie \u00ab cookies \u00bb o\u00f9 vous pouvez s\u00e9lectionner le niveau souhait\u00e9.<br \/>\n       3. Allez jusqu\u00b4en bas de la page, cliquez sur \u00ab OK \u00bb pour finaliser l\u2019op\u00e9ration<\/p><\/div>\n<\/div>\n<div class=\"col-xs-12 col-sm-12 col-md-12 col-lg-12\" style=\"padding: 25px 0;\">\n<div class=\"col-xs-2 col-sm-1 col-md-1 col-lg-1\" style=\"padding: 0 15px 15px 0;\">\n       <img decoding=\"async\" src=\"http:\/\/www.groupegedone.com\/module_cookie\/picto-mozilla-firefox.png\" style=\"width: 100%;\" alt=\"\"\/>\n   <\/div>\n<div class=\"col-xs-10 col-sm-11 col-md-11 col-lg-11\" style=\"padding: 0;\">\n       1. Cliquez sur \u00ab Outils \u00bb en haut de votre fen\u00eatre de navigation puis sur \u00ab Options \u00bb.<br \/>\n       2. S\u00e9lectionnez l\u00b4onglet \u00ab Vie priv\u00e9e \u00bb, cliquez sur \u00ab supprimer des cookies sp\u00e9cifiques \u00bb.<br \/>\n       3. Rep\u00e9rez les cookies qui contiennent le nom \u00ab XXX  \u00bb et supprimez-les.\n   <\/div>\n<\/div>\n<div class=\"col-xs-12 col-sm-12 col-md-12 col-lg-12\" style=\"padding: 25px 0;\">\n<div class=\"col-xs-2 col-sm-1 col-md-1 col-lg-1\" style=\"padding: 0 15px 15px 0;\">\n       <img decoding=\"async\" src=\"http:\/\/www.groupegedone.com\/module_cookie\/picto-internet-explorer.png\" style=\"width: 100%;\" alt=\"\"\/>\n   <\/div>\n<div class=\"col-xs-10 col-sm-11 col-md-11 col-lg-11\" style=\"padding: 0;\">\n       1. Cliquez sur \u00ab Outils \u00bb en haut de votre fen\u00eatre de navigation puis sur \u00ab Options Internet \u00bb.<br \/>\n       2. Dans l\u00b4onglet \u00ab Confidentialit\u00e9 \u00bb, s\u00e9lectionnez le niveau de cookies que vous souhaitez accepter.<br \/>\n       3. Cliquez sur OK pour finaliser l\u2019op\u00e9ration\n   <\/div>\n<\/div>\n<div class=\"col-xs-12 col-sm-12 col-md-12 col-lg-12\" style=\"padding: 25px 0;\">\n<div class=\"col-xs-2 col-sm-1 col-md-1 col-lg-1\" style=\"padding: 0 15px 15px 0;\">\n       <img decoding=\"async\" src=\"http:\/\/www.groupegedone.com\/module_cookie\/picto-safari.png\" style=\"width: 100%;\" alt=\"\"\/>\n   <\/div>\n<div class=\"col-xs-10 col-sm-11 col-md-11 col-lg-11\" style=\"padding: 0;\">\n       1. Cliquez sur l\u00b4ic\u00f4ne \u00ab rouage \u00bb en haut de votre fen\u00eatre de navigation puis sur \u00ab Pr\u00e9f\u00e9rences \u00bb.<br \/>\n       2. Cliquez sur \u00ab S\u00e9curit\u00e9 \u00bb et dans \u00ab Bloquer les cookies \u00bb s\u00e9lectionnez le niveau voulu.<br \/>\n       3. Fermez la fen\u00eatre pour finaliser l\u2019op\u00e9ration\n   <\/div>\n<\/div>\n<div class=\"col-xs-12 col-sm-12 col-md-12 col-lg-12\" style=\"padding: 25px 0;\">\n<div class=\"col-xs-2 col-sm-1 col-md-1 col-lg-1\" style=\"padding: 0 15px 15px 0;\">\n       <img decoding=\"async\" src=\"http:\/\/www.groupegedone.com\/module_cookie\/picto-safari.png\" style=\"width: 100%;\" alt=\"\"\/>\n   <\/div>\n<div class=\"col-xs-10 col-sm-11 col-md-11 col-lg-11\" style=\"padding: 0;\">\n       1. Cliquez sur \u00ab Safari \u00bb en haut de votre fen\u00eatre de navigation et choisissez \u00ab Pr\u00e9f\u00e9rences \u00bb.<br \/>\n       2. Cliquez sur \u00ab S\u00e9curit\u00e9 \u00bb et dans \u00ab Accepter les cookies \u00bb s\u00e9lectionnez le niveau voulu.<br \/>\n       3. Fermez la fen\u00eatre pour finaliser l\u2019op\u00e9ration\n   <\/div>\n<\/div>\n<\/div>\n","protected":false},"excerpt":{"rendered":"<p>Le site camping-adour-bagneres-de-bigorre.fr est \u00e9dit\u00e9 par : Camping de L&#8217;Adour 10 chemin Henri IV, 65200 GERDE Siret : 791 723 786 Cr\u00e9ation de site et r\u00e9f\u00e9rencement Groupe Gedone 80 Boulevard Charles de Gaulles, 64140 LONS Siret : 448 462 200 Tel : 05 59 33 71 46 Groupe Gedone Credits photos Adobe stock Hebergement OVH &hellip; <\/p>\n<p class=\"link-more\"><a href=\"https:\/\/www.camping-adour-bagneres-de-bigorre.fr\/en\/mentions-legales\/\" class=\"more-link\">Continue reading<span class=\"screen-reader-text\"> &#8220;Mentions l\u00e9gales&#8221;<\/span><\/a><\/p>\n","protected":false},"author":2,"featured_media":0,"parent":0,"menu_order":0,"comment_status":"closed","ping_status":"closed","template":"","meta":{"footnotes":""},"class_list":["post-13","page","type-page","status-publish","hentry"],"yoast_head":"<!-- This site is optimized with the Yoast SEO Premium plugin v20.9 (Yoast SEO v27.4) - https:\/\/yoast.com\/product\/yoast-seo-premium-wordpress\/ -->\n<title>Mentions l\u00e9gales - Camping de l&#039;Adour<\/title>\n<meta name=\"robots\" content=\"noindex, nofollow\" \/>\n<meta property=\"og:locale\" content=\"en_US\" \/>\n<meta property=\"og:type\" content=\"article\" \/>\n<meta property=\"og:title\" content=\"Mentions l\u00e9gales\" \/>\n<meta property=\"og:description\" content=\"Le site camping-adour-bagneres-de-bigorre.fr est \u00e9dit\u00e9 par : Camping de L&#8217;Adour 10 chemin Henri IV, 65200 GERDE Siret : 791 723 786 Cr\u00e9ation de site et r\u00e9f\u00e9rencement Groupe Gedone 80 Boulevard Charles de Gaulles, 64140 LONS Siret : 448 462 200 Tel : 05 59 33 71 46 Groupe Gedone Credits photos Adobe stock Hebergement OVH &hellip; Continue reading &quot;Mentions l\u00e9gales&quot;\" \/>\n<meta property=\"og:url\" content=\"https:\/\/www.camping-adour-bagneres-de-bigorre.fr\/mentions-legales\/\" \/>\n<meta property=\"og:site_name\" content=\"Camping de l&#039;Adour\" \/>\n<meta property=\"article:modified_time\" content=\"2023-11-20T13:23:37+00:00\" \/>\n<meta property=\"og:image\" content=\"http:\/\/www.groupegedone.com\/module_cookie\/picto-google-chrome.png\" \/>\n<meta name=\"twitter:card\" content=\"summary_large_image\" \/>\n<script type=\"application\/ld+json\" class=\"yoast-schema-graph\">{\"@context\":\"https:\\\/\\\/schema.org\",\"@graph\":[{\"@type\":\"WebPage\",\"@id\":\"https:\\\/\\\/www.camping-adour-bagneres-de-bigorre.fr\\\/mentions-legales\\\/\",\"url\":\"https:\\\/\\\/www.camping-adour-bagneres-de-bigorre.fr\\\/mentions-legales\\\/\",\"name\":\"Mentions l\u00e9gales - Camping de l&#039;Adour\",\"isPartOf\":{\"@id\":\"https:\\\/\\\/www.camping-adour-bagneres-de-bigorre.fr\\\/#website\"},\"primaryImageOfPage\":{\"@id\":\"https:\\\/\\\/www.camping-adour-bagneres-de-bigorre.fr\\\/mentions-legales\\\/#primaryimage\"},\"image\":{\"@id\":\"https:\\\/\\\/www.camping-adour-bagneres-de-bigorre.fr\\\/mentions-legales\\\/#primaryimage\"},\"thumbnailUrl\":\"http:\\\/\\\/www.groupegedone.com\\\/module_cookie\\\/picto-google-chrome.png\",\"datePublished\":\"2023-10-17T08:49:47+00:00\",\"dateModified\":\"2023-11-20T13:23:37+00:00\",\"breadcrumb\":{\"@id\":\"https:\\\/\\\/www.camping-adour-bagneres-de-bigorre.fr\\\/mentions-legales\\\/#breadcrumb\"},\"inLanguage\":\"en-US\",\"potentialAction\":[{\"@type\":\"ReadAction\",\"target\":[\"https:\\\/\\\/www.camping-adour-bagneres-de-bigorre.fr\\\/mentions-legales\\\/\"]}]},{\"@type\":\"ImageObject\",\"inLanguage\":\"en-US\",\"@id\":\"https:\\\/\\\/www.camping-adour-bagneres-de-bigorre.fr\\\/mentions-legales\\\/#primaryimage\",\"url\":\"http:\\\/\\\/www.groupegedone.com\\\/module_cookie\\\/picto-google-chrome.png\",\"contentUrl\":\"http:\\\/\\\/www.groupegedone.com\\\/module_cookie\\\/picto-google-chrome.png\"},{\"@type\":\"BreadcrumbList\",\"@id\":\"https:\\\/\\\/www.camping-adour-bagneres-de-bigorre.fr\\\/mentions-legales\\\/#breadcrumb\",\"itemListElement\":[{\"@type\":\"ListItem\",\"position\":1,\"name\":\"Accueil\",\"item\":\"https:\\\/\\\/www.camping-adour-bagneres-de-bigorre.fr\\\/\"},{\"@type\":\"ListItem\",\"position\":2,\"name\":\"Mentions l\u00e9gales\"}]},{\"@type\":\"WebSite\",\"@id\":\"https:\\\/\\\/www.camping-adour-bagneres-de-bigorre.fr\\\/#website\",\"url\":\"https:\\\/\\\/www.camping-adour-bagneres-de-bigorre.fr\\\/\",\"name\":\"Camping de l&#039;Adour\",\"description\":\"Camping de l&#039;Adour\",\"potentialAction\":[{\"@type\":\"SearchAction\",\"target\":{\"@type\":\"EntryPoint\",\"urlTemplate\":\"https:\\\/\\\/www.camping-adour-bagneres-de-bigorre.fr\\\/?s={search_term_string}\"},\"query-input\":{\"@type\":\"PropertyValueSpecification\",\"valueRequired\":true,\"valueName\":\"search_term_string\"}}],\"inLanguage\":\"en-US\"}]}<\/script>\n<!-- \/ Yoast SEO Premium plugin. -->","yoast_head_json":{"title":"Mentions l\u00e9gales - Camping de l&#039;Adour","robots":{"index":"noindex","follow":"nofollow"},"og_locale":"en_US","og_type":"article","og_title":"Mentions l\u00e9gales","og_description":"Le site camping-adour-bagneres-de-bigorre.fr est \u00e9dit\u00e9 par : Camping de L&#8217;Adour 10 chemin Henri IV, 65200 GERDE Siret : 791 723 786 Cr\u00e9ation de site et r\u00e9f\u00e9rencement Groupe Gedone 80 Boulevard Charles de Gaulles, 64140 LONS Siret : 448 462 200 Tel : 05 59 33 71 46 Groupe Gedone Credits photos Adobe stock Hebergement OVH &hellip; Continue reading \"Mentions l\u00e9gales\"","og_url":"https:\/\/www.camping-adour-bagneres-de-bigorre.fr\/mentions-legales\/","og_site_name":"Camping de l&#039;Adour","article_modified_time":"2023-11-20T13:23:37+00:00","og_image":[{"url":"http:\/\/www.groupegedone.com\/module_cookie\/picto-google-chrome.png","type":"","width":"","height":""}],"twitter_card":"summary_large_image","schema":{"@context":"https:\/\/schema.org","@graph":[{"@type":"WebPage","@id":"https:\/\/www.camping-adour-bagneres-de-bigorre.fr\/mentions-legales\/","url":"https:\/\/www.camping-adour-bagneres-de-bigorre.fr\/mentions-legales\/","name":"Mentions l\u00e9gales - Camping de l&#039;Adour","isPartOf":{"@id":"https:\/\/www.camping-adour-bagneres-de-bigorre.fr\/#website"},"primaryImageOfPage":{"@id":"https:\/\/www.camping-adour-bagneres-de-bigorre.fr\/mentions-legales\/#primaryimage"},"image":{"@id":"https:\/\/www.camping-adour-bagneres-de-bigorre.fr\/mentions-legales\/#primaryimage"},"thumbnailUrl":"http:\/\/www.groupegedone.com\/module_cookie\/picto-google-chrome.png","datePublished":"2023-10-17T08:49:47+00:00","dateModified":"2023-11-20T13:23:37+00:00","breadcrumb":{"@id":"https:\/\/www.camping-adour-bagneres-de-bigorre.fr\/mentions-legales\/#breadcrumb"},"inLanguage":"en-US","potentialAction":[{"@type":"ReadAction","target":["https:\/\/www.camping-adour-bagneres-de-bigorre.fr\/mentions-legales\/"]}]},{"@type":"ImageObject","inLanguage":"en-US","@id":"https:\/\/www.camping-adour-bagneres-de-bigorre.fr\/mentions-legales\/#primaryimage","url":"http:\/\/www.groupegedone.com\/module_cookie\/picto-google-chrome.png","contentUrl":"http:\/\/www.groupegedone.com\/module_cookie\/picto-google-chrome.png"},{"@type":"BreadcrumbList","@id":"https:\/\/www.camping-adour-bagneres-de-bigorre.fr\/mentions-legales\/#breadcrumb","itemListElement":[{"@type":"ListItem","position":1,"name":"Accueil","item":"https:\/\/www.camping-adour-bagneres-de-bigorre.fr\/"},{"@type":"ListItem","position":2,"name":"Mentions l\u00e9gales"}]},{"@type":"WebSite","@id":"https:\/\/www.camping-adour-bagneres-de-bigorre.fr\/#website","url":"https:\/\/www.camping-adour-bagneres-de-bigorre.fr\/","name":"Camping de l&#039;Adour","description":"Camping de l&#039;Adour","potentialAction":[{"@type":"SearchAction","target":{"@type":"EntryPoint","urlTemplate":"https:\/\/www.camping-adour-bagneres-de-bigorre.fr\/?s={search_term_string}"},"query-input":{"@type":"PropertyValueSpecification","valueRequired":true,"valueName":"search_term_string"}}],"inLanguage":"en-US"}]}},"_links":{"self":[{"href":"https:\/\/www.camping-adour-bagneres-de-bigorre.fr\/en\/wp-json\/wp\/v2\/pages\/13","targetHints":{"allow":["GET"]}}],"collection":[{"href":"https:\/\/www.camping-adour-bagneres-de-bigorre.fr\/en\/wp-json\/wp\/v2\/pages"}],"about":[{"href":"https:\/\/www.camping-adour-bagneres-de-bigorre.fr\/en\/wp-json\/wp\/v2\/types\/page"}],"author":[{"embeddable":true,"href":"https:\/\/www.camping-adour-bagneres-de-bigorre.fr\/en\/wp-json\/wp\/v2\/users\/2"}],"replies":[{"embeddable":true,"href":"https:\/\/www.camping-adour-bagneres-de-bigorre.fr\/en\/wp-json\/wp\/v2\/comments?post=13"}],"version-history":[{"count":3,"href":"https:\/\/www.camping-adour-bagneres-de-bigorre.fr\/en\/wp-json\/wp\/v2\/pages\/13\/revisions"}],"predecessor-version":[{"id":42,"href":"https:\/\/www.camping-adour-bagneres-de-bigorre.fr\/en\/wp-json\/wp\/v2\/pages\/13\/revisions\/42"}],"wp:attachment":[{"href":"https:\/\/www.camping-adour-bagneres-de-bigorre.fr\/en\/wp-json\/wp\/v2\/media?parent=13"}],"curies":[{"name":"wp","href":"https:\/\/api.w.org\/{rel}","templated":true}]}}